{"id":103,"date":"2010-11-04T11:18:06","date_gmt":"2010-11-04T11:18:06","guid":{"rendered":"http:\/\/findsurebet.com\/annagreziak\/?page_id=103"},"modified":"2010-11-04T14:34:39","modified_gmt":"2010-11-04T14:34:39","slug":"wypelnie-jego-testament","status":"publish","type":"page","link":"https:\/\/annagreziak.waw.pl\/?page_id=103","title":{"rendered":"Wype\u0142ni\u0119 jego testament"},"content":{"rendered":"<h2>Anna Gr\u0119ziak<\/h2>\n<div class=\"indent\">Ksi\u0119dza Jerzego Popie\u0142uszk\u0119 pozna\u0142am w kwietniu 1981 roku.<\/div>\n<div class=\"indent\">Wraca\u0142am z Poznania, z posiedzenia Krajowej Sekcji  S\u0142u\u017cby Zdrowia NSZZ &#8222;Solidarno\u015b\u0107&#8221; razem z jej Przewodnicz\u0105c\u0105, Alin\u0105  Pienkowsk\u0105. Alinka spieszy\u0142a si\u0119 na uroczysto\u015b\u0107 po\u015bwi\u0119cenia sztandaru  Solidarno\u015bci Huty \u201eWarszawa\u201d, kt\u00f3rego by\u0142a matk\u0105 chrzestn\u0105. Po drodze  omawia\u0142y\u015bmy spraw\u0119 Banku Lek\u00f3w NSZZ Solidarno\u015b\u0107. Alinka liczy\u0142a na  wskazanie do pracy w banku os\u00f3b przez duszpasterza s\u0142u\u017cby zdrowia  ksi\u0119dza Jerzego Popie\u0142uszk\u0119. Zd\u0105\u017cy\u0142y\u015bmy na uroczysto\u015b\u0107 dok\u0142adnie w  ostatniej chwili. Po jej zako\u0144czeniu zosta\u0142am przedstawiona ksi\u0119dzu  Jerzemu. Tak zacz\u0119\u0142a si\u0119 znajomo\u015b\u0107, nast\u0119pnie przyja\u017a\u0144 z ksi\u0119dzem  Jerzym, przyja\u017a\u0144, kt\u00f3r\u0105 przerwa\u0142a m\u0119cze\u0144ska \u015bmier\u0107 Jurka. Widywali\u015bmy  si\u0119 do\u015b\u0107 cz\u0119sto. Kiedy\u015b, ju\u017c w stanie wojennym zapyta\u0142 mnie z wyrzutem:  Aniu, dlaczego nie przychodzisz na Msze \u015awi\u0119te za Ojczyzn\u0119?  Odpowiedzia\u0142am, \u017ce nie potrafi\u0119 zaakceptowa\u0107 religijno\u015bci jeden raz w  miesi\u0105cu, \u017ce dra\u017cni mnie powierzchowna forma demonstracji  polityczno-religijnej.<\/div>\n<div class=\"indent\">Jurek odpowiedzia\u0142 mi wtedy: to nie tylko tak, czy  wiesz, ilu ludzi przez te Msze powr\u00f3ci\u0142o do Boga, przyst\u0105pi\u0142o do  sakramentu pojednania po dziesi\u0119ciu, dwudziestu czy nawet trzydziestu  latach. Poczu\u0142am si\u0119 zawstydzona. Przyrzek\u0142am sobie i Jemu, \u017ce odt\u0105d  b\u0119d\u0119 uczestniczy\u0107 w Maszach \u015awi\u0119tych za ojczyzn\u0119.<\/div>\n<div class=\"indent\">Jurek przed ka\u017cd\u0105 ostatni\u0105 niedziel\u0105 miesi\u0105ca by\u0142  bardzo podekscytowany. M\u00f3wi\u0142: wiesz, ju\u017c napisa\u0142em kazanie, jest  bezpieczne, teraz mog\u0105 mnie zamkn\u0105\u0107 i tak b\u0119dzie wyg\u0142oszone.<\/div>\n<div class=\"indent\">By\u0142 jeszcze jeden wymiar dzia\u0142alno\u015bci Ksi\u0119dza  Jerzego, chyba najmniej znany. Jerzy zorganizowa\u0142 co\u015b w rodzaju  \u201euniwersytetu\u201d \u2013 szkolenia przygotowuj\u0105cego dzia\u0142aczy Solidarno\u015bci do  przysz\u0142ej s\u0142u\u017cby publicznej w duchu Nauki Spo\u0142ecznej Ko\u015bcio\u0142a. By\u0142o nas  30, a mo\u017ce 40 os\u00f3b, kt\u00f3re w najg\u0142\u0119bszej konspiracji bra\u0142y udzia\u0142 w  wyk\u0142adach i \u0107wiczeniach z historii, prawa, socjologii, psychologii,  relacji mi\u0119dzyosobowych. Zaj\u0119cia odbywa\u0142y si\u0119 w dolnym ko\u015bciele \u015awi\u0119tego  Stanis\u0142awa Kostki w czwartki. Wej\u015bcie do sali poprzedzone by\u0142o  wielokrotnym sprawdzeniem przepustek. Wyk\u0142adowcami byli mi\u0119dzy innymi  mecenas Piotr Andrzejewski, red. Stefan Bratkowski i inni, kt\u00f3rych  nazwisk dzi\u015b nie pami\u0119tam.<\/div>\n<div class=\"indent\">Wiosn\u0105 1984 roku uzyskali\u015bmy co\u015b w rodzaju  &#8222;dyplomu&#8221; \u2013 legitymacj\u0119 z or\u0142em w koronie i wizerunkiem Matki Boskiej  Cz\u0119stochowskiej.<\/div>\n<div class=\"indent\">Po wakacjach odwiedzi\u0142am Jurka, by otrzyma\u0107  przepustk\u0119 na kolejny \u201erok akademicki\u201d. By\u0142o to w czwartek 11  pa\u017adziernika o godzinie 18.20. Jerzy sta\u0142 w drzwiach pomi\u0119dzy dwoma  pokojami swego mieszkania. To co wtedy powiedzia\u0142 sta\u0142o si\u0119 dla mnie  czym\u015b w rodzaju Jego testamentu. M\u00f3wi\u0142: teraz b\u0119dziecie musieli dzia\u0142a\u0107  nieco inaczej. Najwa\u017cniejsze jest tworzenie wsp\u00f3lnot &#8211; w \u015brodowiskach  pracy, w osiedlach, klatkach schodowych, wsp\u00f3lnot ludzi, kt\u00f3rzy b\u0119d\u0105 si\u0119  wzajemnie wspiera\u0107, kt\u00f3rzy b\u0119d\u0105 sobie bliscy i razem b\u0119d\u0105 budowa\u0107  odnowion\u0105 spo\u0142eczno\u015b\u0107 kraju.<\/div>\n<div class=\"indent\">Potem by\u0142a wiadomo\u015b\u0107 o \u015bmierci Jerzego. B\u00f3l i \u0142zy.<\/div>\n<div class=\"indent\">Pami\u0119tam o Jego testamencie. Staram si\u0119 budowa\u0107 wsp\u00f3lnoty ludzi.<\/div>\n<div class=\"indent\">Przed ka\u017cd\u0105 trudn\u0105 decyzj\u0105 odwiedzam gr\u00f3b Ksi\u0119dza Jerzego i prosz\u0119: Pom\u00f3\u017c Jurku wybra\u0107 w\u0142a\u015bciw\u0105 drog\u0119.<\/div>\n","protected":false},"excerpt":{"rendered":"<p>Anna Gr\u0119ziak Ksi\u0119dza Jerzego Popie\u0142uszk\u0119 pozna\u0142am w kwietniu 1981 roku. Wraca\u0142am z Poznania, z posiedzenia Krajowej Sekcji S\u0142u\u017cby Zdrowia NSZZ &#8222;Solidarno\u015b\u0107&#8221; razem z jej Przewodnicz\u0105c\u0105, Alin\u0105 Pienkowsk\u0105. Alinka spieszy\u0142a si\u0119 na uroczysto\u015b\u0107 po\u015bwi\u0119cenia sztandaru Solidarno\u015bci Huty \u201eWarszawa\u201d, kt\u00f3rego by\u0142a matk\u0105 &hellip; <a href=\"https:\/\/annagreziak.waw.pl\/?page_id=103\">Czytaj dalej <span class=\"meta-nav\">&rarr;<\/span><\/a><\/p>\n","protected":false},"author":1,"featured_media":0,"parent":64,"menu_order":0,"comment_status":"closed","ping_status":"closed","template":"","meta":{"footnotes":""},"class_list":["post-103","page","type-page","status-publish","hentry"],"_links":{"self":[{"href":"https:\/\/annagreziak.waw.pl\/index.php?rest_route=\/wp\/v2\/pages\/103","targetHints":{"allow":["GET"]}}],"collection":[{"href":"https:\/\/annagreziak.waw.pl\/index.php?rest_route=\/wp\/v2\/pages"}],"about":[{"href":"https:\/\/annagreziak.waw.pl\/index.php?rest_route=\/wp\/v2\/types\/page"}],"author":[{"embeddable":true,"href":"https:\/\/annagreziak.waw.pl\/index.php?rest_route=\/wp\/v2\/users\/1"}],"replies":[{"embeddable":true,"href":"https:\/\/annagreziak.waw.pl\/index.php?rest_route=%2Fwp%2Fv2%2Fcomments&post=103"}],"version-history":[{"count":3,"href":"https:\/\/annagreziak.waw.pl\/index.php?rest_route=\/wp\/v2\/pages\/103\/revisions"}],"predecessor-version":[{"id":160,"href":"https:\/\/annagreziak.waw.pl\/index.php?rest_route=\/wp\/v2\/pages\/103\/revisions\/160"}],"up":[{"embeddable":true,"href":"https:\/\/annagreziak.waw.pl\/index.php?rest_route=\/wp\/v2\/pages\/64"}],"wp:attachment":[{"href":"https:\/\/annagreziak.waw.pl\/index.php?rest_route=%2Fwp%2Fv2%2Fmedia&parent=103"}],"curies":[{"name":"wp","href":"https:\/\/api.w.org\/{rel}","templated":true}]}}