{"id":105,"date":"2010-11-04T11:19:23","date_gmt":"2010-11-04T11:19:23","guid":{"rendered":"http:\/\/findsurebet.com\/annagreziak\/?page_id=105"},"modified":"2010-11-04T14:49:45","modified_gmt":"2010-11-04T14:49:45","slug":"ziemia-swieta-oczami-mojej-duszy","status":"publish","type":"page","link":"https:\/\/annagreziak.waw.pl\/?page_id=105","title":{"rendered":"Ziemia \u015awi\u0119ta Oczami Mojej Duszy"},"content":{"rendered":"<h2>Anna Gr\u0119ziak<\/h2>\n<div style=\"padding-left: 390px;\"><em>&#8222;Tak bowiem B\u00f3g umi\u0142owa\u0142 \u015bwiat,<br \/>\n\u017ce Syna swego Jednorodzonego da\u0142,<br \/>\naby ka\u017cdy kto w Niego wierzy,<br \/>\nnie zgin\u0105\u0142, ale mia\u0142 \u017cycie wieczne&#8221;<\/em><br \/>\n(Jan 3, 16)<\/div>\n<div>B\u00f3g zdecydowa\u0142.<br \/>\nWybra\u0142 Nar\u00f3d, Czas i Miejsce.<br \/>\nProwadzi\u0142 B\u00f3g sw\u00f3j Nar\u00f3d przez wieki, przysposabia\u0142;<br \/>\nNar\u00f3d dumny, krn\u0105brny i nie zawsze wierny.<\/div>\n<div class=\"indent\">Ale B\u00f3g jest wierny.<\/div>\n<div class=\"indent\">Wyznaczy\u0142 Czas,<\/div>\n<div>ju\u017c dwa tysi\u0105ce lat liczony naprz\u00f3d i wstecz od tego w\u0142a\u015bnie zdarzenia.<br \/>\nWybra\u0142 miejsce.<br \/>\nW wielkim Wszech\u015bwiecie prawie niewidzialny punkt<br \/>\nna malutkiej Planecie kr\u0105\u017c\u0105cej wok\u00f3\u0142 ogromnej Gwiazdy<\/div>\n<div class=\"indent\"><em>&#8221; &#8230; tak bardzo umi\u0142owa\u0142 \u015bwiat &#8230; &#8222;<\/em><\/div>\n<div>Zrodzi\u0142 Syna, takiego jak my,<br \/>\nby tajemnic\u0119 swojej Nieograniczono\u015bci przybli\u017cy\u0107 granicom ludzkich poj\u0119\u0107,<\/p>\n<div class=\"indent\"><em>&#8221; &#8230; aby ka\u017cdy, kto w Niego wierzy<\/div>\n<div class=\"indent\">nie zgin\u0105\u0142, ale mia\u0142 \u017cycie wieczne &#8230;&#8221;<\/em><\/div>\n<div>W wybranym czasie po\u015bpieszy\u0142 Anio\u0142 z niecodzienn\u0105 nowin\u0105<br \/>\ndo m\u0142odziutkiej Dziewczyny z miasteczka Nazaret,<br \/>\na Ona z pokor\u0105 odpowiedzia\u0142a TAK na propozycj\u0119 Boga.<br \/>\nTa kr\u00f3tka rozmowa Bo\u017cego Pos\u0142a\u0144ca z m\u0142odziutk\u0105 Maryj\u0105<br \/>\notworzy\u0142a ka\u017cdemu cz\u0142owiekowi bramy utraconego przez grzech Raju.<\/p>\n<div class=\"indent\">Ka\u017cdemu, w ka\u017cdym miejscu i czasie.<\/div>\n<div class=\"indent\">B\u00f3g jest wierny.<\/div>\n<div>Wy\u015bpiewa\u0142a Maryja dzi\u0119kczynne Magnifikat<br \/>\nw imieniu ka\u017cdego cz\u0142owieka, w ka\u017cdym miejscu i czasie.<\/div>\n<div style=\"margin-top: 20px;\">Od wczesnych dzieci\u0119cych lat marzy\u0142am, by odwiedzi\u0107 miejsca,<br \/>\ngdzie dokona\u0142 si\u0119 Cud Bo\u017cej Mi\u0142o\u015bci.<br \/>\nPojecha\u0142am, zobaczy\u0142am.<br \/>\nStan\u0119\u0142am w niemym wzruszeniu na Wzg\u00f3rzu Golgoty<br \/>\nUmilk\u0142y nawet my\u015bli &#8230;<br \/>\nPowoli zesz\u0142am na d\u00f3\u0142, do Grobu Jezusa.<br \/>\nTak Mario Magdaleno,<br \/>\nGr\u00f3b jest pusty!<\/p>\n<div style=\"margin-top: 20px;\" class=\"indent\"><em>&#8222;A je\u017celi Chrystus nie zmartwychwsta\u0142, daremna jest wasza wiara&#8221;<\/em><\/div>\n<div class=\"indent\">napisze do Koryntian Aposto\u0142 Pawe\u0142.<\/div>\n<div>Przy pustym Grobie Jezusa rozpocz\u0105\u0142 si\u0119 Cud Ko\u015bcio\u0142a,<\/div>\n<div class=\"indent\"><em>\u201ea On jest z nami po wszystkie dni, a\u017c do sko\u0144czenia \u015bwiata\u201d<\/em> (Mt 28, 20).<\/div>\n<div style=\"margin-top: 20px;font-size:13px;\" class=\"indent\">\nWarszawa, pa\u017adziernik 1999 roku\n<\/div>\n","protected":false},"excerpt":{"rendered":"<p>Anna Gr\u0119ziak &#8222;Tak bowiem B\u00f3g umi\u0142owa\u0142 \u015bwiat, \u017ce Syna swego Jednorodzonego da\u0142, aby ka\u017cdy kto w Niego wierzy, nie zgin\u0105\u0142, ale mia\u0142 \u017cycie wieczne&#8221; (Jan 3, 16) B\u00f3g zdecydowa\u0142. Wybra\u0142 Nar\u00f3d, Czas i Miejsce. Prowadzi\u0142 B\u00f3g sw\u00f3j Nar\u00f3d przez wieki, &hellip; <a href=\"https:\/\/annagreziak.waw.pl\/?page_id=105\">Czytaj dalej <span class=\"meta-nav\">&rarr;<\/span><\/a><\/p>\n","protected":false},"author":1,"featured_media":0,"parent":64,"menu_order":0,"comment_status":"closed","ping_status":"closed","template":"","meta":{"footnotes":""},"class_list":["post-105","page","type-page","status-publish","hentry"],"_links":{"self":[{"href":"https:\/\/annagreziak.waw.pl\/index.php?rest_route=\/wp\/v2\/pages\/105","targetHints":{"allow":["GET"]}}],"collection":[{"href":"https:\/\/annagreziak.waw.pl\/index.php?rest_route=\/wp\/v2\/pages"}],"about":[{"href":"https:\/\/annagreziak.waw.pl\/index.php?rest_route=\/wp\/v2\/types\/page"}],"author":[{"embeddable":true,"href":"https:\/\/annagreziak.waw.pl\/index.php?rest_route=\/wp\/v2\/users\/1"}],"replies":[{"embeddable":true,"href":"https:\/\/annagreziak.waw.pl\/index.php?rest_route=%2Fwp%2Fv2%2Fcomments&post=105"}],"version-history":[{"count":13,"href":"https:\/\/annagreziak.waw.pl\/index.php?rest_route=\/wp\/v2\/pages\/105\/revisions"}],"predecessor-version":[{"id":173,"href":"https:\/\/annagreziak.waw.pl\/index.php?rest_route=\/wp\/v2\/pages\/105\/revisions\/173"}],"up":[{"embeddable":true,"href":"https:\/\/annagreziak.waw.pl\/index.php?rest_route=\/wp\/v2\/pages\/64"}],"wp:attachment":[{"href":"https:\/\/annagreziak.waw.pl\/index.php?rest_route=%2Fwp%2Fv2%2Fmedia&parent=105"}],"curies":[{"name":"wp","href":"https:\/\/api.w.org\/{rel}","templated":true}]}}