{"id":64,"date":"2010-11-04T10:09:14","date_gmt":"2010-11-04T10:09:14","guid":{"rendered":"http:\/\/findsurebet.com\/annagreziak\/?page_id=64"},"modified":"2010-11-05T10:48:22","modified_gmt":"2010-11-05T10:48:22","slug":"artykuly","status":"publish","type":"page","link":"https:\/\/annagreziak.waw.pl\/?page_id=64","title":{"rendered":"Artyku\u0142y"},"content":{"rendered":"<div id=\"main-text\"><a href=\"http:\/\/annagreziak.waw.pl\/?page_id=95\">Godno\u015b\u0107 chorego, godno\u015b\u0107 pracownika<\/a><br \/>\n<a href=\"http:\/\/annagreziak.waw.pl\/?page_id=99\">In Vitro w \u015bwietle polskiego prawa<\/a><br \/>\n<a href=\"http:\/\/annagreziak.waw.pl\/?page_id=103\">Wype\u0142ni\u0119 jego testament<\/a><br \/>\n<a href=\"http:\/\/annagreziak.waw.pl\/?page_id=105\">Ziemia \u015awi\u0119ta oczami mojej duszy<\/a><br \/>\n<a href=\"http:\/\/annagreziak.waw.pl\/?page_id=107\">Informowanie pacjenta<\/a><\/div>\n<div><a href=\"http:\/\/annagreziak.waw.pl\/?page_id=110\">Eutanazja &#8211; nieporozumienia<\/a><br \/>\n<a href=\"http:\/\/annagreziak.waw.pl\/?page_id=113\">Teraz zosta\u0142o jeszcze wszystkich Was pochowa\u0107&#8230;<\/a><\/div>\n<div><a href=\"http:\/\/annagreziak.waw.pl\/?page_id=91\">Egzamin z Solidarno\u015bci<\/a><\/div>\n","protected":false},"excerpt":{"rendered":"<p>Godno\u015b\u0107 chorego, godno\u015b\u0107 pracownika In Vitro w \u015bwietle polskiego prawa Wype\u0142ni\u0119 jego testament Ziemia \u015awi\u0119ta oczami mojej duszy Informowanie pacjenta Eutanazja &#8211; nieporozumienia Teraz zosta\u0142o jeszcze wszystkich Was pochowa\u0107&#8230; Egzamin z Solidarno\u015bci<\/p>\n","protected":false},"author":1,"featured_media":0,"parent":0,"menu_order":3,"comment_status":"closed","ping_status":"closed","template":"","meta":{"footnotes":""},"class_list":["post-64","page","type-page","status-publish","hentry"],"_links":{"self":[{"href":"https:\/\/annagreziak.waw.pl\/index.php?rest_route=\/wp\/v2\/pages\/64","targetHints":{"allow":["GET"]}}],"collection":[{"href":"https:\/\/annagreziak.waw.pl\/index.php?rest_route=\/wp\/v2\/pages"}],"about":[{"href":"https:\/\/annagreziak.waw.pl\/index.php?rest_route=\/wp\/v2\/types\/page"}],"author":[{"embeddable":true,"href":"https:\/\/annagreziak.waw.pl\/index.php?rest_route=\/wp\/v2\/users\/1"}],"replies":[{"embeddable":true,"href":"https:\/\/annagreziak.waw.pl\/index.php?rest_route=%2Fwp%2Fv2%2Fcomments&post=64"}],"version-history":[{"count":7,"href":"https:\/\/annagreziak.waw.pl\/index.php?rest_route=\/wp\/v2\/pages\/64\/revisions"}],"predecessor-version":[{"id":181,"href":"https:\/\/annagreziak.waw.pl\/index.php?rest_route=\/wp\/v2\/pages\/64\/revisions\/181"}],"wp:attachment":[{"href":"https:\/\/annagreziak.waw.pl\/index.php?rest_route=%2Fwp%2Fv2%2Fmedia&parent=64"}],"curies":[{"name":"wp","href":"https:\/\/api.w.org\/{rel}","templated":true}]}}