{"id":67,"date":"2010-11-04T10:13:47","date_gmt":"2010-11-04T10:13:47","guid":{"rendered":"http:\/\/findsurebet.com\/annagreziak\/?page_id=67"},"modified":"2010-11-04T10:27:22","modified_gmt":"2010-11-04T10:27:22","slug":"linki-do-stron","status":"publish","type":"page","link":"https:\/\/annagreziak.waw.pl\/?page_id=67","title":{"rendered":"Linki do stron"},"content":{"rendered":"<p><a href=\"http:\/\/www.kslp.pl\">Katolickie Stowarzyszenie Lekarzy Polskich<\/a><br \/>\n<a href=\"http:\/\/www.pis.org.pl\/\">Prawo i Sprawiedliwo\u015b\u0107<\/a><br \/>\n<a href=\"http:\/\/www.fm.pis.org.pl\/\">Forum M\u0142odych PIS<\/a><\/p>\n","protected":false},"excerpt":{"rendered":"<p>Katolickie Stowarzyszenie Lekarzy Polskich Prawo i Sprawiedliwo\u015b\u0107 Forum M\u0142odych PIS<\/p>\n","protected":false},"author":1,"featured_media":0,"parent":0,"menu_order":5,"comment_status":"closed","ping_status":"closed","template":"","meta":{"footnotes":""},"class_list":["post-67","page","type-page","status-publish","hentry"],"_links":{"self":[{"href":"https:\/\/annagreziak.waw.pl\/index.php?rest_route=\/wp\/v2\/pages\/67","targetHints":{"allow":["GET"]}}],"collection":[{"href":"https:\/\/annagreziak.waw.pl\/index.php?rest_route=\/wp\/v2\/pages"}],"about":[{"href":"https:\/\/annagreziak.waw.pl\/index.php?rest_route=\/wp\/v2\/types\/page"}],"author":[{"embeddable":true,"href":"https:\/\/annagreziak.waw.pl\/index.php?rest_route=\/wp\/v2\/users\/1"}],"replies":[{"embeddable":true,"href":"https:\/\/annagreziak.waw.pl\/index.php?rest_route=%2Fwp%2Fv2%2Fcomments&post=67"}],"version-history":[{"count":2,"href":"https:\/\/annagreziak.waw.pl\/index.php?rest_route=\/wp\/v2\/pages\/67\/revisions"}],"predecessor-version":[{"id":85,"href":"https:\/\/annagreziak.waw.pl\/index.php?rest_route=\/wp\/v2\/pages\/67\/revisions\/85"}],"wp:attachment":[{"href":"https:\/\/annagreziak.waw.pl\/index.php?rest_route=%2Fwp%2Fv2%2Fmedia&parent=67"}],"curies":[{"name":"wp","href":"https:\/\/api.w.org\/{rel}","templated":true}]}}