{"id":71,"date":"2010-11-04T10:18:21","date_gmt":"2010-11-04T10:18:21","guid":{"rendered":"http:\/\/findsurebet.com\/annagreziak\/?page_id=71"},"modified":"2011-09-27T19:02:13","modified_gmt":"2011-09-27T19:02:13","slug":"strona-glowna","status":"publish","type":"page","link":"https:\/\/annagreziak.waw.pl\/","title":{"rendered":"Strona g\u0142\u00f3wna"},"content":{"rendered":"<div id=\"narrow\">\n<p><a href=\"http:\/\/annagreziak.waw.pl\/wp-content\/uploads\/2011\/09\/annagreziak2.png\"><img loading=\"lazy\" decoding=\"async\" class=\"alignleft size-full wp-image-6\" title=\"Anna Gr\u0119ziak\" src=\"http:\/\/annagreziak.waw.pl\/wp-content\/uploads\/2011\/09\/annagreziak2.png\" alt=\"Anna Gr\u0119ziak\" width=\"150\" height=\"184\" \/><\/a><strong>Szanowni Pa\u0144stwo<a href=\"http:\/\/annagreziak.waw.pl\/wp-content\/uploads\/2010\/11\/motto.gif\"><img loading=\"lazy\" decoding=\"async\" class=\"alignright size-full wp-image-88\" title=\"Dla Warszawy i Mazowsza\" src=\"http:\/\/annagreziak.waw.pl\/wp-content\/uploads\/2010\/11\/motto.gif\" alt=\"Dla Warszawy i Mazowsza\" width=\"257\" height=\"43\" \/><\/a><\/strong><\/p>\n<p>Jestem lekark\u0105. Ale 21 lat temu zostawi\u0142am wymarzony zaw\u00f3d i w rodz\u0105cej si\u0119 wolnej Polsce podj\u0119\u0142am s\u0142u\u017cb\u0119 publiczn\u0105. Nauczy\u0142am si\u0119 zarz\u0105dzania, ekonomii, prawa, socjologii. Dzi\u015b stoj\u0105 za mn\u0105 20-letnie do\u015bwiadczenia pracy lekarza anestezjologa oraz te zdobyte w ci\u0105gu kolejnych 21 lat pracy na r\u00f3\u017cnych stanowiskach w administracji ochrony zdrowia:<\/p>\n<ul style=\"clear: both;\">\n<li>Przez 9 lat pe\u0142ni\u0142am funkcj\u0119 Lekarza Wojew\u00f3dzkiego w Warszawie.<\/li>\n<li>2 lata pracowa\u0142am w Biurze Rzecznika Praw Obywatelskich jako pe\u0142nomocnik ds. ochrony praw pacjent\u00f3w i os\u00f3b niepe\u0142nosprawnych.<\/li>\n<li>W rz\u0105dzie PiS sprawowa\u0142am funkcj\u0119 wiceministra zdrowia jako podw\u0142adna \u015bp. prof. Zbigniewa Religi.<\/li>\n<li>Do 10 kwietnia 2010 roku mia\u0142am zaszczyt by\u0107 doradc\u0105 ds. ochrony zdrowia Prezydenta RP \u015bp. Lecha Kaczy\u0144skiego.<\/li>\n<\/ul>\n<p>Jestem wsp\u00f3\u0142za\u0142o\u017cycielk\u0105 i Honorowym Prezesem Katolickiego Stowarzyszenia Lekarzy Polskich.<\/p>\n<p>Ochrona zdrowia w Polsce wymaga dzi\u015b gruntownej naprawy. <strong>Musimy si\u0119 spieszy\u0107. Jutro mo\u017ce by\u0107 ju\u017c za p\u00f3\u017ano!<\/strong><br \/>\nKandyduj\u0119 do Sejmu poniewa\u017c wiem jak zbudowa\u0107 system ochrony zdrowia, w kt\u00f3rym b\u0119d\u0105 respektowane prawa pacjent\u00f3w do niezb\u0119dnych \u015bwiadcze\u0144 zdrowotnych i prawa pracownik\u00f3w do godnego wykonywania zawodu. Oddaj\u0119 do Pa\u0144stwa dyspozycji swoj\u0105 wiedz\u0119 i do\u015bwiadczenie; ponad 40 lat s\u0142u\u017cby dla ludzi bezbronnych w chorobie i s\u0142abo\u015bci.<br \/>\nKolejny ju\u017c raz przy okazji wybor\u00f3w dziel\u0119 si\u0119 z Pa\u0144stwem swoim <strong>marzeniem o Zdrowej Polsce<\/strong>. Jestem pewna, \u017ce to tak\u017ce Wasze marzenie. <strong>Spe\u0142nijmy je razem<\/strong>!<\/p>\n<p><em>Z wyrazami szacunku<\/em><br \/>\n<strong>Anna Gr\u0119ziak<\/strong><\/p>\n<\/div>\n","protected":false},"excerpt":{"rendered":"<p>Szanowni Pa\u0144stwo Jestem lekark\u0105. Ale 21 lat temu zostawi\u0142am wymarzony zaw\u00f3d i w rodz\u0105cej si\u0119 wolnej Polsce podj\u0119\u0142am s\u0142u\u017cb\u0119 publiczn\u0105. Nauczy\u0142am si\u0119 zarz\u0105dzania, ekonomii, prawa, socjologii. Dzi\u015b stoj\u0105 za mn\u0105 20-letnie do\u015bwiadczenia pracy lekarza anestezjologa oraz te zdobyte w ci\u0105gu &hellip; <a href=\"https:\/\/annagreziak.waw.pl\/\">Czytaj dalej <span class=\"meta-nav\">&rarr;<\/span><\/a><\/p>\n","protected":false},"author":1,"featured_media":0,"parent":0,"menu_order":0,"comment_status":"closed","ping_status":"closed","template":"","meta":{"footnotes":""},"class_list":["post-71","page","type-page","status-publish","hentry"],"_links":{"self":[{"href":"https:\/\/annagreziak.waw.pl\/index.php?rest_route=\/wp\/v2\/pages\/71","targetHints":{"allow":["GET"]}}],"collection":[{"href":"https:\/\/annagreziak.waw.pl\/index.php?rest_route=\/wp\/v2\/pages"}],"about":[{"href":"https:\/\/annagreziak.waw.pl\/index.php?rest_route=\/wp\/v2\/types\/page"}],"author":[{"embeddable":true,"href":"https:\/\/annagreziak.waw.pl\/index.php?rest_route=\/wp\/v2\/users\/1"}],"replies":[{"embeddable":true,"href":"https:\/\/annagreziak.waw.pl\/index.php?rest_route=%2Fwp%2Fv2%2Fcomments&post=71"}],"version-history":[{"count":17,"href":"https:\/\/annagreziak.waw.pl\/index.php?rest_route=\/wp\/v2\/pages\/71\/revisions"}],"predecessor-version":[{"id":227,"href":"https:\/\/annagreziak.waw.pl\/index.php?rest_route=\/wp\/v2\/pages\/71\/revisions\/227"}],"wp:attachment":[{"href":"https:\/\/annagreziak.waw.pl\/index.php?rest_route=%2Fwp%2Fv2%2Fmedia&parent=71"}],"curies":[{"name":"wp","href":"https:\/\/api.w.org\/{rel}","templated":true}]}}